{"id":4639,"date":"2024-03-22T08:48:36","date_gmt":"2024-03-22T08:48:36","guid":{"rendered":"https:\/\/www.bisesdeclowns.org\/?page_id=4639"},"modified":"2024-10-25T21:37:56","modified_gmt":"2024-10-25T21:37:56","slug":"spectacle","status":"publish","type":"page","link":"https:\/\/bisesdeclowns.org\/wordpress\/spectacle\/","title":{"rendered":"LE SPECTACLE"},"content":{"rendered":"\t\t<div data-elementor-type=\"wp-page\" data-elementor-id=\"4639\" class=\"elementor elementor-4639\">\n\t\t\t\t<div class=\"elementor-element elementor-element-a7662e7 e-flex e-con-boxed wpr-particle-no wpr-jarallax-no wpr-parallax-no wpr-sticky-section-no e-con e-parent\" data-id=\"a7662e7\" data-element_type=\"container\">\n\t\t\t\t\t<div class=\"e-con-inner\">\n\t\t\t\t\t<\/div>\n\t\t\t\t<\/div>\n\t\t<div class=\"elementor-element elementor-element-2dea513 e-flex e-con-boxed wpr-particle-no wpr-jarallax-no wpr-parallax-no wpr-sticky-section-no e-con e-parent\" data-id=\"2dea513\" data-element_type=\"container\">\n\t\t\t\t\t<div class=\"e-con-inner\">\n\t\t\t\t<div class=\"elementor-element elementor-element-7783c9b elementor-widget elementor-widget-text-editor\" data-id=\"7783c9b\" data-element_type=\"widget\" data-widget_type=\"text-editor.default\">\n\t\t\t\t<div class=\"elementor-widget-container\">\n\t\t\t\t\t\t\t\t\t<p><\/p>\n<p><strong>Spectacle \u00ab\u00a0TOC-TOC\u00a0\u00bb<\/strong><br \/><strong style=\"font-style: inherit; text-align: var(--text-align); background-color: var(--ast-global-color-5);\">Cr\u00e9ation 2020, afin de mieux saisir les enjeux du m\u00e9tier de clown hospitalier.<\/strong><\/p>\n<p><span style=\"font-family: 'Open Sans', 'Segoe UI', HelveticaNeue-Light, 'Helvetica Neue Light', 'Helvetica Neue', Helvetica, Arial, sans-serif; color: #717198; white-space-collapse: preserve-breaks;\">\u00ab Toc-Toc ! \u00bb Quelqu&rsquo;un frappe \u00e0 votre porte&#8230;<\/span><span style=\"text-align: var(--text-align); background-color: var(--ast-global-color-5);\">Imaginez : deux clowns entrent et se lancent dans une improvisation captivante. Leur domaine ? L&rsquo;univers des patients hospitalis\u00e9s. Leur but ? Cr\u00e9er un espace o\u00f9 expression et \u00e9vasion se rencontrent.<\/span><\/p>\n<p><\/p>\t\t\t\t\t\t\t\t<\/div>\n\t\t\t\t<\/div>\n\t\t\t\t<div class=\"elementor-element elementor-element-9b42628 elementor-widget__width-initial elementor-widget-mobile__width-inherit elementor-widget elementor-widget-video\" data-id=\"9b42628\" data-element_type=\"widget\" data-settings=\"{&quot;video_type&quot;:&quot;vimeo&quot;}\" data-widget_type=\"video.default\">\n\t\t\t\t<div class=\"elementor-widget-container\">\n\t\t\t\t\t\t\t<div class=\"elementor-wrapper elementor-open-inline\">\n\t\t\t<iframe class=\"elementor-video-iframe\" allowfullscreen allow=\"clipboard-write\" title=\"Lecteur vid\u00e9o vimeo\" src=\"https:\/\/player.vimeo.com\/video\/849505491?color&amp;autopause=0&amp;loop=0&amp;muted=0&amp;title=1&amp;portrait=1&amp;byline=1&amp;h=1302fd0060#t=\"><\/iframe>\t\t<\/div>\n\t\t\t\t\t\t<\/div>\n\t\t\t\t<\/div>\n\t\t\t\t\t<\/div>\n\t\t\t\t<\/div>\n\t\t\t\t<\/div>\n\t\t","protected":false},"excerpt":{"rendered":"<p>Spectacle \u00ab\u00a0TOC-TOC\u00a0\u00bbCr\u00e9ation 2020, afin de mieux saisir les enjeux du m\u00e9tier de clown hospitalier. \u00ab Toc-Toc ! \u00bb Quelqu&rsquo;un frappe \u00e0 votre porte&#8230;Imaginez : deux clowns entrent et se lancent dans une improvisation captivante. Leur domaine ? L&rsquo;univers des patients hospitalis\u00e9s. Leur but ? Cr\u00e9er un espace o\u00f9 expression et \u00e9vasion se rencontrent. https:\/\/vimeo.com\/849505491\/1302fd0060<\/p>\n","protected":false},"author":8,"featured_media":0,"parent":0,"menu_order":0,"comment_status":"closed","ping_status":"closed","template":"","meta":{"site-sidebar-layout":"default","site-content-layout":"","ast-site-content-layout":"","site-content-style":"default","site-sidebar-style":"default","ast-global-header-display":"","ast-banner-title-visibility":"","ast-main-header-display":"","ast-hfb-above-header-display":"","ast-hfb-below-header-display":"","ast-hfb-mobile-header-display":"","site-post-title":"disabled","ast-breadcrumbs-content":"","ast-featured-img":"","footer-sml-layout":"","theme-transparent-header-meta":"","adv-header-id-meta":"","stick-header-meta":"","header-above-stick-meta":"","header-main-stick-meta":"","header-below-stick-meta":"","astra-migrate-meta-layouts":"default","ast-page-background-enabled":"default","ast-page-background-meta":{"desktop":{"background-color":"var(--ast-global-color-4)","background-image":"","background-repeat":"repeat","background-position":"center center","background-size":"auto","background-attachment":"scroll","background-type":"","background-media":"","overlay-type":"","overlay-color":"","overlay-gradient":""},"tablet":{"background-color":"","background-image":"","background-repeat":"repeat","background-position":"center center","background-size":"auto","background-attachment":"scroll","background-type":"","background-media":"","overlay-type":"","overlay-color":"","overlay-gradient":""},"mobile":{"background-color":"","background-image":"","background-repeat":"repeat","background-position":"center center","background-size":"auto","background-attachment":"scroll","background-type":"","background-media":"","overlay-type":"","overlay-color":"","overlay-gradient":""}},"ast-content-background-meta":{"desktop":{"background-color":"var(--ast-global-color-5)","background-image":"","background-repeat":"repeat","background-position":"center center","background-size":"auto","background-attachment":"scroll","background-type":"","background-media":"","overlay-type":"","overlay-color":"","overlay-gradient":""},"tablet":{"background-color":"var(--ast-global-color-5)","background-image":"","background-repeat":"repeat","background-position":"center center","background-size":"auto","background-attachment":"scroll","background-type":"","background-media":"","overlay-type":"","overlay-color":"","overlay-gradient":""},"mobile":{"background-color":"var(--ast-global-color-5)","background-image":"","background-repeat":"repeat","background-position":"center center","background-size":"auto","background-attachment":"scroll","background-type":"","background-media":"","overlay-type":"","overlay-color":"","overlay-gradient":""}},"footnotes":""},"class_list":["post-4639","page","type-page","status-publish","hentry"],"_links":{"self":[{"href":"https:\/\/bisesdeclowns.org\/wordpress\/wp-json\/wp\/v2\/pages\/4639","targetHints":{"allow":["GET"]}}],"collection":[{"href":"https:\/\/bisesdeclowns.org\/wordpress\/wp-json\/wp\/v2\/pages"}],"about":[{"href":"https:\/\/bisesdeclowns.org\/wordpress\/wp-json\/wp\/v2\/types\/page"}],"author":[{"embeddable":true,"href":"https:\/\/bisesdeclowns.org\/wordpress\/wp-json\/wp\/v2\/users\/8"}],"replies":[{"embeddable":true,"href":"https:\/\/bisesdeclowns.org\/wordpress\/wp-json\/wp\/v2\/comments?post=4639"}],"version-history":[{"count":53,"href":"https:\/\/bisesdeclowns.org\/wordpress\/wp-json\/wp\/v2\/pages\/4639\/revisions"}],"predecessor-version":[{"id":5606,"href":"https:\/\/bisesdeclowns.org\/wordpress\/wp-json\/wp\/v2\/pages\/4639\/revisions\/5606"}],"wp:attachment":[{"href":"https:\/\/bisesdeclowns.org\/wordpress\/wp-json\/wp\/v2\/media?parent=4639"}],"curies":[{"name":"wp","href":"https:\/\/api.w.org\/{rel}","templated":true}]}}