{"id":5285,"date":"2024-10-22T21:44:38","date_gmt":"2024-10-22T21:44:38","guid":{"rendered":"https:\/\/www.bisesdeclowns.org\/?page_id=5285"},"modified":"2025-12-06T20:08:35","modified_gmt":"2025-12-06T20:08:35","slug":"page-daccueil-2","status":"publish","type":"page","link":"https:\/\/bisesdeclowns.org\/wordpress\/","title":{"rendered":"Page d&rsquo;accueil"},"content":{"rendered":"\t\t<div data-elementor-type=\"wp-page\" data-elementor-id=\"5285\" class=\"elementor elementor-5285\">\n\t\t\t\t<div class=\"elementor-element elementor-element-7f8c014 e-con-full e-flex wpr-particle-no wpr-jarallax-no wpr-parallax-no wpr-sticky-section-no e-con e-parent\" data-id=\"7f8c014\" data-element_type=\"container\">\n\t\t\t\t<\/div>\n\t\t<div class=\"elementor-element elementor-element-454b043 e-con-full e-flex wpr-particle-no wpr-jarallax-no wpr-parallax-no wpr-sticky-section-no e-con e-parent\" data-id=\"454b043\" data-element_type=\"container\" data-settings=\"{&quot;background_background&quot;:&quot;classic&quot;}\">\n\t\t\t\t<div class=\"elementor-element elementor-element-9b00103 elementor-widget-mobile__width-initial elementor-widget elementor-widget-heading\" data-id=\"9b00103\" data-element_type=\"widget\" data-widget_type=\"heading.default\">\n\t\t\t\t<div class=\"elementor-widget-container\">\n\t\t\t\t\t<h3 class=\"elementor-heading-title elementor-size-default\">L' association Bises de Clowns,<br>Presque 20 ans de clowns en milieu de soin !<\/h3>\t\t\t\t<\/div>\n\t\t\t\t<\/div>\n\t\t\t\t<div class=\"elementor-element elementor-element-6cedfe9 elementor-widget-mobile__width-initial elementor-widget elementor-widget-heading\" data-id=\"6cedfe9\" data-element_type=\"widget\" data-widget_type=\"heading.default\">\n\t\t\t\t<div class=\"elementor-widget-container\">\n\t\t\t\t\t<h3 class=\"elementor-heading-title elementor-size-default\">L\u2019actualit\u00e9<\/h3>\t\t\t\t<\/div>\n\t\t\t\t<\/div>\n\t\t\t\t<\/div>\n\t\t<div class=\"elementor-element elementor-element-20acc6e e-grid e-con-boxed wpr-particle-no wpr-jarallax-no wpr-parallax-no wpr-sticky-section-no e-con e-parent\" data-id=\"20acc6e\" data-element_type=\"container\">\n\t\t\t\t\t<div class=\"e-con-inner\">\n\t\t\t\t<div class=\"elementor-element elementor-element-3b8f910 elementor-widget elementor-widget-image\" data-id=\"3b8f910\" data-element_type=\"widget\" data-widget_type=\"image.default\">\n\t\t\t\t<div class=\"elementor-widget-container\">\n\t\t\t\t\t\t\t\t\t\t\t\t\t\t\t<img fetchpriority=\"high\" decoding=\"async\" width=\"1024\" height=\"576\" src=\"https:\/\/bisesdeclowns.org\/wordpress\/wp-content\/uploads\/2025\/11\/FB_IMG_1762716809232-1024x576.jpg\" class=\"attachment-large size-large wp-image-7426\" alt=\"\" srcset=\"https:\/\/bisesdeclowns.org\/wordpress\/wp-content\/uploads\/2025\/11\/FB_IMG_1762716809232-1024x576.jpg 1024w, https:\/\/bisesdeclowns.org\/wordpress\/wp-content\/uploads\/2025\/11\/FB_IMG_1762716809232-300x169.jpg 300w, https:\/\/bisesdeclowns.org\/wordpress\/wp-content\/uploads\/2025\/11\/FB_IMG_1762716809232-768x432.jpg 768w, https:\/\/bisesdeclowns.org\/wordpress\/wp-content\/uploads\/2025\/11\/FB_IMG_1762716809232-600x338.jpg 600w, https:\/\/bisesdeclowns.org\/wordpress\/wp-content\/uploads\/2025\/11\/FB_IMG_1762716809232.jpg 1280w\" sizes=\"(max-width: 1024px) 100vw, 1024px\" \/>\t\t\t\t\t\t\t\t\t\t\t\t\t\t\t<\/div>\n\t\t\t\t<\/div>\n\t\t\t\t<div class=\"elementor-element elementor-element-fd0fcc9 elementor-widget elementor-widget-heading\" data-id=\"fd0fcc9\" data-element_type=\"widget\" data-widget_type=\"heading.default\">\n\t\t\t\t<div class=\"elementor-widget-container\">\n\t\t\t\t\t<h4 class=\"elementor-heading-title elementor-size-default\"><a href=\"https:\/\/www.helloasso.com\/associations\/bises-de-clowns\/formulaires\/6\">Depuis 18 ans, les clowns hospitaliers de Bises de Clowns font entrer la joie et la douceur dans les lieux de soin\n<br><br>\n\n\ud83c\udfad \u00c0 vous de faire na\u00eetre encore des sourires :<br><br>\n\ud83d\udc49\nhttps:\/\/www.helloasso.com\/associations\/bises-de-clowns\/formulaires\/6\n\n#JoieQuiSoigne #BisesDeClowns #Solidarit\u00e9 #ClownsHospitaliers<\/a><\/h4>\t\t\t\t<\/div>\n\t\t\t\t<\/div>\n\t\t\t\t\t<\/div>\n\t\t\t\t<\/div>\n\t\t<div class=\"elementor-element elementor-element-cf26e6b e-grid e-con-boxed wpr-particle-no wpr-jarallax-no wpr-parallax-no wpr-sticky-section-no e-con e-parent\" data-id=\"cf26e6b\" data-element_type=\"container\">\n\t\t\t\t\t<div class=\"e-con-inner\">\n\t\t\t\t<div class=\"elementor-element elementor-element-1e40598 elementor-widget elementor-widget-image\" data-id=\"1e40598\" data-element_type=\"widget\" data-widget_type=\"image.default\">\n\t\t\t\t<div class=\"elementor-widget-container\">\n\t\t\t\t\t\t\t\t\t\t\t\t\t\t\t<img decoding=\"async\" width=\"600\" height=\"848\" src=\"https:\/\/bisesdeclowns.org\/wordpress\/wp-content\/uploads\/2025\/05\/boucles-de-coeur-affiche2--600x848.jpg\" class=\"attachment-wysija-newsletters-max size-wysija-newsletters-max wp-image-6944\" alt=\"\" srcset=\"https:\/\/bisesdeclowns.org\/wordpress\/wp-content\/uploads\/2025\/05\/boucles-de-coeur-affiche2--600x848.jpg 600w, https:\/\/bisesdeclowns.org\/wordpress\/wp-content\/uploads\/2025\/05\/boucles-de-coeur-affiche2--212x300.jpg 212w, https:\/\/bisesdeclowns.org\/wordpress\/wp-content\/uploads\/2025\/05\/boucles-de-coeur-affiche2--724x1024.jpg 724w, https:\/\/bisesdeclowns.org\/wordpress\/wp-content\/uploads\/2025\/05\/boucles-de-coeur-affiche2--768x1086.jpg 768w, https:\/\/bisesdeclowns.org\/wordpress\/wp-content\/uploads\/2025\/05\/boucles-de-coeur-affiche2--1086x1536.jpg 1086w, https:\/\/bisesdeclowns.org\/wordpress\/wp-content\/uploads\/2025\/05\/boucles-de-coeur-affiche2--1448x2048.jpg 1448w, https:\/\/bisesdeclowns.org\/wordpress\/wp-content\/uploads\/2025\/05\/boucles-de-coeur-affiche2--scaled.jpg 1811w\" sizes=\"(max-width: 600px) 100vw, 600px\" \/>\t\t\t\t\t\t\t\t\t\t\t\t\t\t\t<\/div>\n\t\t\t\t<\/div>\n\t\t\t\t<div class=\"elementor-element elementor-element-0e394db elementor-widget elementor-widget-text-editor\" data-id=\"0e394db\" data-element_type=\"widget\" data-widget_type=\"text-editor.default\">\n\t\t\t\t<div class=\"elementor-widget-container\">\n\t\t\t\t\t\t\t\t\t<span style=\"display:inline-flex; align-items:center;\">\n  <img decoding=\"async\" src=\"https:\/\/static.xx.fbcdn.net\/images\/emoji.php\/v9\/t6e\/3\/16\/2764.png\" width=\"16\" height=\"16\" \/>\n  <span style=\"margin-left:6px;\">\n    Nous avons le grand plaisir de participer cette ann\u00e9e encore \u00e0 l\u2019op\u00e9ration Les Boucles du C\u0153ur, une initiative solidaire qui soutient des associations locales \u0153uvrant pour le bien-\u00eatre des enfants.\n  <\/span>\n<\/span>\n\n<br><br>\n\n<span style=\"display:inline-flex; align-items:center;\">\n  <img loading=\"lazy\" decoding=\"async\" src=\"https:\/\/static.xx.fbcdn.net\/images\/emoji.php\/v9\/t5a\/3\/16\/1f6d2.png\" width=\"16\" height=\"16\" \/>\n  <span style=\"margin-left:6px;\">\n    Un immense merci aux magasins Carrefour Market partenaires :\n  <\/span>\n<\/span>\n\n<br><br>\n\n<span style=\"display:inline-flex; align-items:center;\">\n  <img loading=\"lazy\" decoding=\"async\" src=\"https:\/\/static.xx.fbcdn.net\/images\/emoji.php\/v9\/t5a\/3\/16\/1f6d2.png\" width=\"16\" height=\"16\" \/>\n  <span style=\"margin-left:6px;\">\n    Carrefour Market Bandol \u2013 Quartier de la Guarduere\n  <\/span>\n<\/span>\n\n<br>\n\n<span style=\"display:inline-flex; align-items:center;\">\n  <img loading=\"lazy\" decoding=\"async\" src=\"https:\/\/static.xx.fbcdn.net\/images\/emoji.php\/v9\/t5a\/3\/16\/1f6d2.png\" width=\"16\" height=\"16\" \/>\n  <span style=\"margin-left:6px;\">\n    Carrefour Market Toulon \u2013 Les Moulins\n  <\/span>\n<\/span>\n\n<br>\n\n<span style=\"display:inline-flex; align-items:center;\">\n  <img loading=\"lazy\" decoding=\"async\" src=\"https:\/\/static.xx.fbcdn.net\/images\/emoji.php\/v9\/t5a\/3\/16\/1f6d2.png\" width=\"16\" height=\"16\" \/>\n  <span style=\"margin-left:6px;\">\n    Carrefour Market Toulon \u2013 L\u00e9on Bourgeois\n  <\/span>\n<\/span>\n\n<br>\n\n<span style=\"display:inline-flex; align-items:center;\">\n  <img loading=\"lazy\" decoding=\"async\" src=\"https:\/\/static.xx.fbcdn.net\/images\/emoji.php\/v9\/t5a\/3\/16\/1f6d2.png\" width=\"16\" height=\"16\" \/>\n  <span style=\"margin-left:6px;\">\n    Carrefour Market Toulon \u2013 G\u00e9n\u00e9ral Pruneau\n  <\/span>\n<\/span>\n\n<br>\n\n<span style=\"display:inline-flex; align-items:center;\">\n  <img loading=\"lazy\" decoding=\"async\" src=\"https:\/\/static.xx.fbcdn.net\/images\/emoji.php\/v9\/t5a\/3\/16\/1f6d2.png\" width=\"16\" height=\"16\" \/>\n  <span style=\"margin-left:6px;\">\n    Carrefour Market Cuers \u2013 Les Aubregades\n  <\/span>\n<\/span>\n\n<br>\n\n<span style=\"display:inline-flex; align-items:center;\">\n  <img loading=\"lazy\" decoding=\"async\" src=\"https:\/\/static.xx.fbcdn.net\/images\/emoji.php\/v9\/t5a\/3\/16\/1f6d2.png\" width=\"16\" height=\"16\" \/>\n  <span style=\"margin-left:6px;\">\n    Carrefour Market Hy\u00e8res \u2013 Rue Georges Simenon\n  <\/span>\n<\/span>\n\n<br><br>\n\n<span style=\"display:inline-flex; align-items:center;\">\n  <span>\n    Gr\u00e2ce \u00e0 leur engagement, leurs \u00e9quipes sur place et \u00e0 votre g\u00e9n\u00e9rosit\u00e9, nous pouvons continuer notre projet d\u2019interventions de clowns professionnelles en p\u00e9diatrie \u00e0 l\u2019h\u00f4pital Sainte Muse, Toulon.\n  <\/span>\n<\/span>\n\n<br><br>\n\n<span style=\"display:inline-flex; align-items:center;\">\n  <img loading=\"lazy\" decoding=\"async\" src=\"https:\/\/static.xx.fbcdn.net\/images\/emoji.php\/v9\/ta0\/3\/16\/27a1.png\" width=\"16\" height=\"16\" \/>\n  <span style=\"margin-left:6px;\">\n    Retrouvez-nous dans vos magasins partenaires pour soutenir l\u2019op\u00e9ration : chaque don, chaque geste compte.\n  <\/span>\n<\/span>\n\t\t\t\t\t\t\t\t<\/div>\n\t\t\t\t<\/div>\n\t\t\t\t\t<\/div>\n\t\t\t\t<\/div>\n\t\t<div class=\"elementor-element elementor-element-4cddf54 e-flex e-con-boxed wpr-particle-no wpr-jarallax-no wpr-parallax-no wpr-sticky-section-no e-con e-parent\" data-id=\"4cddf54\" data-element_type=\"container\">\n\t\t\t\t\t<div class=\"e-con-inner\">\n\t\t\t\t<div class=\"elementor-element elementor-element-168c248 elementor-widget-divider--view-line elementor-widget elementor-widget-divider\" data-id=\"168c248\" data-element_type=\"widget\" data-widget_type=\"divider.default\">\n\t\t\t\t<div class=\"elementor-widget-container\">\n\t\t\t\t\t\t\t<div class=\"elementor-divider\">\n\t\t\t<span class=\"elementor-divider-separator\">\n\t\t\t\t\t\t<\/span>\n\t\t<\/div>\n\t\t\t\t\t\t<\/div>\n\t\t\t\t<\/div>\n\t\t\t\t\t<\/div>\n\t\t\t\t<\/div>\n\t\t<div class=\"elementor-element elementor-element-47a57ad e-con-full e-flex wpr-particle-no wpr-jarallax-no wpr-parallax-no wpr-sticky-section-no e-con e-parent\" data-id=\"47a57ad\" data-element_type=\"container\">\n\t\t<div class=\"elementor-element elementor-element-039c96b e-con-full e-flex wpr-particle-no wpr-jarallax-no wpr-parallax-no wpr-sticky-section-no e-con e-child\" data-id=\"039c96b\" data-element_type=\"container\">\n\t\t\t\t<div class=\"elementor-element elementor-element-f252bf2 elementor-widget elementor-widget-heading\" data-id=\"f252bf2\" data-element_type=\"widget\" data-widget_type=\"heading.default\">\n\t\t\t\t<div class=\"elementor-widget-container\">\n\t\t\t\t\t<h4 class=\"elementor-heading-title elementor-size-default\">Ce sont presque 40 b\u00e9n\u00e9voles qui nous ont rejoint pour emballer les cadeaux !<br>Et r\u00e9colter des fonds pour l'association !<br>Merci \u00e0 toutes et tous pour votre engagement encore pour ce week-end avant No\u00ebl !!!<\/h4>\t\t\t\t<\/div>\n\t\t\t\t<\/div>\n\t\t\t\t<\/div>\n\t\t<div class=\"elementor-element elementor-element-e43dfea e-con-full e-flex wpr-particle-no wpr-jarallax-no wpr-parallax-no wpr-sticky-section-no e-con e-child\" data-id=\"e43dfea\" data-element_type=\"container\">\n\t\t\t\t<\/div>\n\t\t\t\t<\/div>\n\t\t<div class=\"elementor-element elementor-element-1a71d20 e-flex e-con-boxed wpr-particle-no wpr-jarallax-no wpr-parallax-no wpr-sticky-section-no e-con e-parent\" data-id=\"1a71d20\" data-element_type=\"container\">\n\t\t\t\t\t<div class=\"e-con-inner\">\n\t\t\t\t<div class=\"elementor-element elementor-element-d22a99e elementor-widget-divider--view-line elementor-widget elementor-widget-divider\" data-id=\"d22a99e\" data-element_type=\"widget\" data-widget_type=\"divider.default\">\n\t\t\t\t<div class=\"elementor-widget-container\">\n\t\t\t\t\t\t\t<div class=\"elementor-divider\">\n\t\t\t<span class=\"elementor-divider-separator\">\n\t\t\t\t\t\t<\/span>\n\t\t<\/div>\n\t\t\t\t\t\t<\/div>\n\t\t\t\t<\/div>\n\t\t\t\t\t<\/div>\n\t\t\t\t<\/div>\n\t\t<div class=\"elementor-element elementor-element-7f6175e e-flex e-con-boxed wpr-particle-no wpr-jarallax-no wpr-parallax-no wpr-sticky-section-no e-con e-parent\" data-id=\"7f6175e\" data-element_type=\"container\">\n\t\t\t\t\t<div class=\"e-con-inner\">\n\t\t<div class=\"elementor-element elementor-element-549e919 e-con-full e-flex wpr-particle-no wpr-jarallax-no wpr-parallax-no wpr-sticky-section-no e-con e-child\" data-id=\"549e919\" data-element_type=\"container\">\n\t\t\t\t<div class=\"elementor-element elementor-element-942f4ae elementor-widget elementor-widget-text-editor\" data-id=\"942f4ae\" data-element_type=\"widget\" data-widget_type=\"text-editor.default\">\n\t\t\t\t<div class=\"elementor-widget-container\">\n\t\t\t\t\t\t\t\t\t<div class=\"xdj266r x11i5rnm xat24cr x1mh8g0r x1vvkbs x126k92a\" style=\"text-align: center;\"><p dir=\"auto\"><span style=\"font-weight: var( --e-global-typography-text-font-weight ); background-color: var(--ast-global-color-5); font-size: 1rem;\">\u00a0<\/span>Nous remercions du fond du c\u0153ur les spectateur.rice.s pr\u00e9sent.e.s pour le\u00a0<a style=\"transition-property: all;\" href=\"https:\/\/www.bisesdeclowns.org\/spectacle\/\">spectacle TOC-TOC<\/a>\u00a0!<\/p><\/div><div class=\"x11i5rnm xat24cr x1mh8g0r x1vvkbs xtlvy1s x126k92a\" style=\"text-align: center;\"><div dir=\"auto\">Vous avez \u00e9t\u00e9 plus d\u2019une centaine \u00e0 nous applaudir chaleureusement, et bien d\u2019autres encore \u00e0 nous soutenir t\u00e9l\u00e9pathiquement !<\/div><\/div><div class=\"x11i5rnm xat24cr x1mh8g0r x1vvkbs xtlvy1s x126k92a\" style=\"text-align: center;\"><div dir=\"auto\">\u00a0<\/div><div dir=\"auto\">Le spectacle et les \u00e9changes qui ont suivi ont \u00e9t\u00e9 riches et nombreux, et nous ont permis de partager avec vous le c\u0153ur de notre m\u00e9tier.<\/div><\/div><div class=\"x11i5rnm xat24cr x1mh8g0r x1vvkbs xtlvy1s x126k92a\" style=\"text-align: center;\"><div dir=\"auto\">\u00a0<\/div><div dir=\"auto\">Merci au Th\u00e9\u00e2tre de la porte d\u2019Italie pour son accueil et \u00e9galement \u00e0 la ville de Toulon dans son soutien sans faille.<\/div><\/div><div class=\"x11i5rnm xat24cr x1mh8g0r x1vvkbs xtlvy1s x126k92a\" style=\"text-align: center;\"><div dir=\"auto\">\u00a0<\/div><div dir=\"auto\">Un \u00e9norme merci pour vos dons et adh\u00e9sions !<\/div><div dir=\"auto\">\u00a0<\/div><\/div><div class=\"x11i5rnm xat24cr x1mh8g0r x1vvkbs xtlvy1s x126k92a\" style=\"text-align: center;\"><div dir=\"auto\">Vous pouvez toujours nous soutenir\u00a0<a style=\"transition-property: all;\" href=\"https:\/\/www.helloasso.com\/associations\/bises-de-clowns\">ici<\/a><\/div><\/div>\t\t\t\t\t\t\t\t<\/div>\n\t\t\t\t<\/div>\n\t\t\t\t<\/div>\n\t\t<div class=\"elementor-element elementor-element-7de23e1 e-con-full e-flex wpr-particle-no wpr-jarallax-no wpr-parallax-no wpr-sticky-section-no e-con e-child\" data-id=\"7de23e1\" data-element_type=\"container\">\n\t\t\t\t<div class=\"elementor-element elementor-element-47c7a99 elementor-widget elementor-widget-image\" data-id=\"47c7a99\" data-element_type=\"widget\" data-widget_type=\"image.default\">\n\t\t\t\t<div class=\"elementor-widget-container\">\n\t\t\t\t\t\t\t\t\t\t\t\t\t\t\t<img loading=\"lazy\" decoding=\"async\" width=\"300\" height=\"300\" src=\"https:\/\/bisesdeclowns.org\/wordpress\/wp-content\/uploads\/2024\/03\/P6210458-300x300.jpg\" class=\"attachment-medium size-medium wp-image-4786\" alt=\"\" srcset=\"https:\/\/bisesdeclowns.org\/wordpress\/wp-content\/uploads\/2024\/03\/P6210458-300x300.jpg 300w, https:\/\/bisesdeclowns.org\/wordpress\/wp-content\/uploads\/2024\/03\/P6210458-1024x1024.jpg 1024w, https:\/\/bisesdeclowns.org\/wordpress\/wp-content\/uploads\/2024\/03\/P6210458-150x150.jpg 150w, https:\/\/bisesdeclowns.org\/wordpress\/wp-content\/uploads\/2024\/03\/P6210458-768x768.jpg 768w, https:\/\/bisesdeclowns.org\/wordpress\/wp-content\/uploads\/2024\/03\/P6210458-600x600.jpg 600w, https:\/\/bisesdeclowns.org\/wordpress\/wp-content\/uploads\/2024\/03\/P6210458-1536x1536.jpg 1536w, https:\/\/bisesdeclowns.org\/wordpress\/wp-content\/uploads\/2024\/03\/P6210458.jpg 1944w\" sizes=\"(max-width: 300px) 100vw, 300px\" \/>\t\t\t\t\t\t\t\t\t\t\t\t\t\t\t<\/div>\n\t\t\t\t<\/div>\n\t\t\t\t<\/div>\n\t\t\t\t\t<\/div>\n\t\t\t\t<\/div>\n\t\t<div class=\"elementor-element elementor-element-43a18cf e-flex e-con-boxed wpr-particle-no wpr-jarallax-no wpr-parallax-no wpr-sticky-section-no e-con e-parent\" data-id=\"43a18cf\" data-element_type=\"container\">\n\t\t\t\t\t<div class=\"e-con-inner\">\n\t\t\t\t\t<\/div>\n\t\t\t\t<\/div>\n\t\t\t\t<\/div>\n\t\t","protected":false},"excerpt":{"rendered":"<p>L&rsquo; association Bises de Clowns,15 ans de clowns en milieu de soin ! L\u2019actualit\u00e9 Notre campagne de dons \u00ab\u00a0Et si vous deveniez un artisan du bonheur\u00a0\u00bb a d\u00e9marr\u00e9 en ce d\u00e9but de mois de D\u00e9cembre : Et si vous deveniez un artisan du bonheur d\u00e8s aujourd\u2019hui ? Un sourire est une porte qui s\u2019ouvre, une \u00e9motion qui \u00e9clot. Voici un t\u00e9moignage touchant d\u2019un parent : \u00ab\u00a0Quand les clowns sont entr\u00e9s dans la chambre de notre fils, tout a chang\u00e9. Leur musique, leurs rires et leurs attentions ont transform\u00e9 ce moment difficile en un souvenir lumineux. Ils ont offert ce que personne d\u2019autre ne pouvait : une pause dans l\u2019inqui\u00e9tude, un souffle d\u2019espoir.\u00a0\u00bb C\u2019est gr\u00e2ce \u00e0 vous que ces miracles du quotidien sont possibles. https:\/\/www.helloasso.com\/bisesdeclowns Ce sont presque 40 b\u00e9n\u00e9voles qui nous ont rejoint pour emballer les cadeaux !Et r\u00e9colter des fonds pour l&rsquo;association !Merci \u00e0 toutes et tous pour votre engagement encore pour ce week-end avant No\u00ebl !!! &nbsp;Nous remercions du fond du c\u0153ur les spectateur.rice.s pr\u00e9sent.e.s pour le&nbsp;spectacle TOC-TOC&nbsp;! Vous avez \u00e9t\u00e9 plus d\u2019une centaine \u00e0 nous applaudir chaleureusement, et bien d\u2019autres encore \u00e0 nous soutenir t\u00e9l\u00e9pathiquement ! &nbsp; Le spectacle et les \u00e9changes qui ont suivi ont \u00e9t\u00e9 riches et nombreux, et nous ont permis de partager avec vous le c\u0153ur de notre m\u00e9tier. &nbsp; Merci au Th\u00e9\u00e2tre de la porte d\u2019Italie pour son accueil et \u00e9galement \u00e0 la ville de Toulon dans son soutien sans faille. &nbsp; Un \u00e9norme merci pour vos dons et adh\u00e9sions ! Vous pouvez toujours nous soutenir&nbsp;ici<\/p>\n","protected":false},"author":7,"featured_media":0,"parent":0,"menu_order":0,"comment_status":"closed","ping_status":"closed","template":"","meta":{"site-sidebar-layout":"no-sidebar","site-content-layout":"","ast-site-content-layout":"full-width-container","site-content-style":"default","site-sidebar-style":"default","ast-global-header-display":"","ast-banner-title-visibility":"","ast-main-header-display":"","ast-hfb-above-header-display":"","ast-hfb-below-header-display":"","ast-hfb-mobile-header-display":"","site-post-title":"disabled","ast-breadcrumbs-content":"","ast-featured-img":"disabled","footer-sml-layout":"","theme-transparent-header-meta":"","adv-header-id-meta":"","stick-header-meta":"","header-above-stick-meta":"","header-main-stick-meta":"","header-below-stick-meta":"","astra-migrate-meta-layouts":"default","ast-page-background-enabled":"default","ast-page-background-meta":{"desktop":{"background-color":"var(--ast-global-color-4)","background-image":"","background-repeat":"repeat","background-position":"center center","background-size":"auto","background-attachment":"scroll","background-type":"","background-media":"","overlay-type":"","overlay-color":"","overlay-gradient":""},"tablet":{"background-color":"","background-image":"","background-repeat":"repeat","background-position":"center center","background-size":"auto","background-attachment":"scroll","background-type":"","background-media":"","overlay-type":"","overlay-color":"","overlay-gradient":""},"mobile":{"background-color":"","background-image":"","background-repeat":"repeat","background-position":"center center","background-size":"auto","background-attachment":"scroll","background-type":"","background-media":"","overlay-type":"","overlay-color":"","overlay-gradient":""}},"ast-content-background-meta":{"desktop":{"background-color":"var(--ast-global-color-5)","background-image":"","background-repeat":"repeat","background-position":"center center","background-size":"auto","background-attachment":"scroll","background-type":"","background-media":"","overlay-type":"","overlay-color":"","overlay-gradient":""},"tablet":{"background-color":"var(--ast-global-color-5)","background-image":"","background-repeat":"repeat","background-position":"center center","background-size":"auto","background-attachment":"scroll","background-type":"","background-media":"","overlay-type":"","overlay-color":"","overlay-gradient":""},"mobile":{"background-color":"var(--ast-global-color-5)","background-image":"","background-repeat":"repeat","background-position":"center center","background-size":"auto","background-attachment":"scroll","background-type":"","background-media":"","overlay-type":"","overlay-color":"","overlay-gradient":""}},"footnotes":""},"class_list":["post-5285","page","type-page","status-publish","hentry"],"_links":{"self":[{"href":"https:\/\/bisesdeclowns.org\/wordpress\/wp-json\/wp\/v2\/pages\/5285","targetHints":{"allow":["GET"]}}],"collection":[{"href":"https:\/\/bisesdeclowns.org\/wordpress\/wp-json\/wp\/v2\/pages"}],"about":[{"href":"https:\/\/bisesdeclowns.org\/wordpress\/wp-json\/wp\/v2\/types\/page"}],"author":[{"embeddable":true,"href":"https:\/\/bisesdeclowns.org\/wordpress\/wp-json\/wp\/v2\/users\/7"}],"replies":[{"embeddable":true,"href":"https:\/\/bisesdeclowns.org\/wordpress\/wp-json\/wp\/v2\/comments?post=5285"}],"version-history":[{"count":119,"href":"https:\/\/bisesdeclowns.org\/wordpress\/wp-json\/wp\/v2\/pages\/5285\/revisions"}],"predecessor-version":[{"id":7548,"href":"https:\/\/bisesdeclowns.org\/wordpress\/wp-json\/wp\/v2\/pages\/5285\/revisions\/7548"}],"wp:attachment":[{"href":"https:\/\/bisesdeclowns.org\/wordpress\/wp-json\/wp\/v2\/media?parent=5285"}],"curies":[{"name":"wp","href":"https:\/\/api.w.org\/{rel}","templated":true}]}}