{"id":5290,"date":"2024-10-22T23:01:07","date_gmt":"2024-10-22T23:01:07","guid":{"rendered":"https:\/\/www.bisesdeclowns.org\/?page_id=5290"},"modified":"2024-10-27T17:54:44","modified_gmt":"2024-10-27T17:54:44","slug":"les-artistes-clowns","status":"publish","type":"page","link":"https:\/\/bisesdeclowns.org\/wordpress\/les-artistes-clowns\/","title":{"rendered":"LES CLOWNS"},"content":{"rendered":"\t\t<div data-elementor-type=\"wp-page\" data-elementor-id=\"5290\" class=\"elementor elementor-5290\">\n\t\t\t\t<div class=\"elementor-element elementor-element-7f8c014 e-con-full e-flex wpr-particle-no wpr-jarallax-no wpr-parallax-no wpr-sticky-section-no e-con e-parent\" data-id=\"7f8c014\" data-element_type=\"container\">\n\t\t\t\t<\/div>\n\t\t<div class=\"elementor-element elementor-element-c0dfb49 e-flex e-con-boxed wpr-particle-no wpr-jarallax-no wpr-parallax-no wpr-sticky-section-no e-con e-parent\" data-id=\"c0dfb49\" data-element_type=\"container\">\n\t\t\t\t\t<div class=\"e-con-inner\">\n\t\t\t\t<div class=\"elementor-element elementor-element-70e820d elementor-widget elementor-widget-heading\" data-id=\"70e820d\" data-element_type=\"widget\" data-widget_type=\"heading.default\">\n\t\t\t\t<div class=\"elementor-widget-container\">\n\t\t\t\t\t<h2 class=\"elementor-heading-title elementor-size-default\">Les artistes clowns\n<\/h2>\t\t\t\t<\/div>\n\t\t\t\t<\/div>\n\t\t\t\t\t<\/div>\n\t\t\t\t<\/div>\n\t\t<div class=\"elementor-element elementor-element-cd5255a e-flex e-con-boxed wpr-particle-no wpr-jarallax-no wpr-parallax-no wpr-sticky-section-no e-con e-parent\" data-id=\"cd5255a\" data-element_type=\"container\">\n\t\t\t\t\t<div class=\"e-con-inner\">\n\t\t\t\t<div class=\"elementor-element elementor-element-f757b0f elementor-widget elementor-widget-text-editor\" data-id=\"f757b0f\" data-element_type=\"widget\" data-widget_type=\"text-editor.default\">\n\t\t\t\t<div class=\"elementor-widget-container\">\n\t\t\t\t\t\t\t\t\t<p>Form\u00e9s au travail sp\u00e9cifique de<b> \u00abClowns en milieu de soin\u00bb<\/b>, ces artistes professionnel.les participent \u00e0 la sant\u00e9 globale et au bien-\u00eatre de la personne. Les \u00e9quipes soignantes les reconnaissent comme de nouveaux acteurs dans le domaine du soin alternatif. Sp\u00e9cialis\u00e9s dans l\u2019art de l\u2019improvisation, ils utilisent dans leur jeu diff\u00e9rentes techniques : la musique, le chant, la po\u00e9sie, la danse, la marionnette, le th\u00e9\u00e2tre, la magie&#8230;<\/p>\t\t\t\t\t\t\t\t<\/div>\n\t\t\t\t<\/div>\n\t\t\t\t\t<\/div>\n\t\t\t\t<\/div>\n\t\t<div class=\"elementor-element elementor-element-2723379 e-flex e-con-boxed wpr-particle-no wpr-jarallax-no wpr-parallax-no wpr-sticky-section-no e-con e-parent\" data-id=\"2723379\" data-element_type=\"container\">\n\t\t\t\t\t<div class=\"e-con-inner\">\n\t\t\t\t<div class=\"elementor-element elementor-element-da58408 elementor-widget elementor-widget-image-gallery\" data-id=\"da58408\" data-element_type=\"widget\" data-widget_type=\"image-gallery.default\">\n\t\t\t\t<div class=\"elementor-widget-container\">\n\t\t\t\t\t\t\t<div class=\"elementor-image-gallery\">\n\t\t\t<div id='gallery-1' class='gallery galleryid-5290 gallery-columns-3 gallery-size-thumbnail'><figure class='gallery-item'>\n\t\t\t<div class='gallery-icon landscape'>\n\t\t\t\t<a data-elementor-open-lightbox=\"yes\" data-elementor-lightbox-slideshow=\"da58408\" data-elementor-lightbox-title=\"P6210476\" data-e-action-hash=\"#elementor-action%3Aaction%3Dlightbox%26settings%3DeyJpZCI6NDc5MSwidXJsIjoiaHR0cHM6XC9cL2Jpc2VzZGVjbG93bnMub3JnXC93b3JkcHJlc3NcL3dwLWNvbnRlbnRcL3VwbG9hZHNcLzIwMjRcLzAzXC9QNjIxMDQ3Ni1zY2FsZWQuanBnIiwic2xpZGVzaG93IjoiZGE1ODQwOCJ9\" href='https:\/\/bisesdeclowns.org\/wordpress\/wp-content\/uploads\/2024\/03\/P6210476-scaled.jpg'><img decoding=\"async\" width=\"150\" height=\"150\" src=\"https:\/\/bisesdeclowns.org\/wordpress\/wp-content\/uploads\/2024\/03\/P6210476-150x150.jpg\" class=\"attachment-thumbnail size-thumbnail\" alt=\"\" aria-describedby=\"gallery-1-4791\" \/><\/a>\n\t\t\t<\/div>\n\t\t\t\t<figcaption class='wp-caption-text gallery-caption' id='gallery-1-4791'>\n\t\t\t\tVivi\n\t\t\t\t<\/figcaption><\/figure><figure class='gallery-item'>\n\t\t\t<div class='gallery-icon landscape'>\n\t\t\t\t<a data-elementor-open-lightbox=\"yes\" data-elementor-lightbox-slideshow=\"da58408\" data-elementor-lightbox-title=\"P6210446\" data-e-action-hash=\"#elementor-action%3Aaction%3Dlightbox%26settings%3DeyJpZCI6NDc4MywidXJsIjoiaHR0cHM6XC9cL2Jpc2VzZGVjbG93bnMub3JnXC93b3JkcHJlc3NcL3dwLWNvbnRlbnRcL3VwbG9hZHNcLzIwMjRcLzAzXC9QNjIxMDQ0Ni5qcGciLCJzbGlkZXNob3ciOiJkYTU4NDA4In0%3D\" href='https:\/\/bisesdeclowns.org\/wordpress\/wp-content\/uploads\/2024\/03\/P6210446.jpg'><img decoding=\"async\" width=\"150\" height=\"150\" src=\"https:\/\/bisesdeclowns.org\/wordpress\/wp-content\/uploads\/2024\/03\/P6210446-150x150.jpg\" class=\"attachment-thumbnail size-thumbnail\" alt=\"\" aria-describedby=\"gallery-1-4783\" \/><\/a>\n\t\t\t<\/div>\n\t\t\t\t<figcaption class='wp-caption-text gallery-caption' id='gallery-1-4783'>\n\t\t\t\tKatherina\n\t\t\t\t<\/figcaption><\/figure><figure class='gallery-item'>\n\t\t\t<div class='gallery-icon landscape'>\n\t\t\t\t<a data-elementor-open-lightbox=\"yes\" data-elementor-lightbox-slideshow=\"da58408\" data-elementor-lightbox-title=\"P6210400\" data-e-action-hash=\"#elementor-action%3Aaction%3Dlightbox%26settings%3DeyJpZCI6NDc2NiwidXJsIjoiaHR0cHM6XC9cL2Jpc2VzZGVjbG93bnMub3JnXC93b3JkcHJlc3NcL3dwLWNvbnRlbnRcL3VwbG9hZHNcLzIwMjRcLzAzXC9QNjIxMDQwMC5qcGciLCJzbGlkZXNob3ciOiJkYTU4NDA4In0%3D\" href='https:\/\/bisesdeclowns.org\/wordpress\/wp-content\/uploads\/2024\/03\/P6210400.jpg'><img decoding=\"async\" width=\"150\" height=\"150\" src=\"https:\/\/bisesdeclowns.org\/wordpress\/wp-content\/uploads\/2024\/03\/P6210400-150x150.jpg\" class=\"attachment-thumbnail size-thumbnail\" alt=\"\" aria-describedby=\"gallery-1-4766\" \/><\/a>\n\t\t\t<\/div>\n\t\t\t\t<figcaption class='wp-caption-text gallery-caption' id='gallery-1-4766'>\n\t\t\t\tKatia Strophe\n\n\t\t\t\t<\/figcaption><\/figure>\n\t\t<\/div>\n\t\t<\/div>\n\t\t\t\t\t\t<\/div>\n\t\t\t\t<\/div>\n\t\t\t\t\t<\/div>\n\t\t\t\t<\/div>\n\t\t<div class=\"elementor-element elementor-element-1841ae8 e-flex e-con-boxed wpr-particle-no wpr-jarallax-no wpr-parallax-no wpr-sticky-section-no e-con e-parent\" data-id=\"1841ae8\" data-element_type=\"container\">\n\t\t\t\t\t<div class=\"e-con-inner\">\n\t\t\t\t<div class=\"elementor-element elementor-element-3f5a368 elementor-widget elementor-widget-image-gallery\" data-id=\"3f5a368\" data-element_type=\"widget\" data-widget_type=\"image-gallery.default\">\n\t\t\t\t<div class=\"elementor-widget-container\">\n\t\t\t\t\t\t\t<div class=\"elementor-image-gallery\">\n\t\t\t<div id='gallery-2' class='gallery galleryid-5290 gallery-columns-3 gallery-size-thumbnail'><figure class='gallery-item'>\n\t\t\t<div class='gallery-icon landscape'>\n\t\t\t\t<a data-elementor-open-lightbox=\"yes\" data-elementor-lightbox-slideshow=\"3f5a368\" data-elementor-lightbox-title=\"raoul\" data-e-action-hash=\"#elementor-action%3Aaction%3Dlightbox%26settings%3DeyJpZCI6NTcyNywidXJsIjoiaHR0cHM6XC9cL2Jpc2VzZGVjbG93bnMub3JnXC93b3JkcHJlc3NcL3dwLWNvbnRlbnRcL3VwbG9hZHNcLzIwMjRcLzEwXC9yYW91bC5qcGciLCJzbGlkZXNob3ciOiIzZjVhMzY4In0%3D\" href='https:\/\/bisesdeclowns.org\/wordpress\/wp-content\/uploads\/2024\/10\/raoul.jpg'><img loading=\"lazy\" decoding=\"async\" width=\"150\" height=\"150\" src=\"https:\/\/bisesdeclowns.org\/wordpress\/wp-content\/uploads\/2024\/10\/raoul-150x150.jpg\" class=\"attachment-thumbnail size-thumbnail\" alt=\"\" aria-describedby=\"gallery-2-5727\" \/><\/a>\n\t\t\t<\/div>\n\t\t\t\t<figcaption class='wp-caption-text gallery-caption' id='gallery-2-5727'>\n\t\t\t\tRaoul\n\t\t\t\t<\/figcaption><\/figure><figure class='gallery-item'>\n\t\t\t<div class='gallery-icon portrait'>\n\t\t\t\t<a data-elementor-open-lightbox=\"yes\" data-elementor-lightbox-slideshow=\"3f5a368\" data-elementor-lightbox-title=\"bidouille\" data-e-action-hash=\"#elementor-action%3Aaction%3Dlightbox%26settings%3DeyJpZCI6NTczMCwidXJsIjoiaHR0cHM6XC9cL2Jpc2VzZGVjbG93bnMub3JnXC93b3JkcHJlc3NcL3dwLWNvbnRlbnRcL3VwbG9hZHNcLzIwMjRcLzEwXC9iaWRvdWlsbGUtMS5qcGciLCJzbGlkZXNob3ciOiIzZjVhMzY4In0%3D\" href='https:\/\/bisesdeclowns.org\/wordpress\/wp-content\/uploads\/2024\/10\/bidouille-1.jpg'><img loading=\"lazy\" decoding=\"async\" width=\"150\" height=\"150\" src=\"https:\/\/bisesdeclowns.org\/wordpress\/wp-content\/uploads\/2024\/10\/bidouille-1-150x150.jpg\" class=\"attachment-thumbnail size-thumbnail\" alt=\"\" aria-describedby=\"gallery-2-5730\" \/><\/a>\n\t\t\t<\/div>\n\t\t\t\t<figcaption class='wp-caption-text gallery-caption' id='gallery-2-5730'>\n\t\t\t\tBidule \n\t\t\t\t<\/figcaption><\/figure><figure class='gallery-item'>\n\t\t\t<div class='gallery-icon portrait'>\n\t\t\t\t<a data-elementor-open-lightbox=\"yes\" data-elementor-lightbox-slideshow=\"3f5a368\" data-elementor-lightbox-title=\"P6210251\" data-e-action-hash=\"#elementor-action%3Aaction%3Dlightbox%26settings%3DeyJpZCI6NDY5NywidXJsIjoiaHR0cHM6XC9cL2Jpc2VzZGVjbG93bnMub3JnXC93b3JkcHJlc3NcL3dwLWNvbnRlbnRcL3VwbG9hZHNcLzIwMjRcLzAzXC9QNjIxMDI1MS5qcGciLCJzbGlkZXNob3ciOiIzZjVhMzY4In0%3D\" href='https:\/\/bisesdeclowns.org\/wordpress\/wp-content\/uploads\/2024\/03\/P6210251.jpg'><img loading=\"lazy\" decoding=\"async\" width=\"150\" height=\"150\" src=\"https:\/\/bisesdeclowns.org\/wordpress\/wp-content\/uploads\/2024\/03\/P6210251-150x150.jpg\" class=\"attachment-thumbnail size-thumbnail\" alt=\"\" aria-describedby=\"gallery-2-4697\" \/><\/a>\n\t\t\t<\/div>\n\t\t\t\t<figcaption class='wp-caption-text gallery-caption' id='gallery-2-4697'>\n\t\t\t\tKermesse \n\t\t\t\t<\/figcaption><\/figure>\n\t\t<\/div>\n\t\t<\/div>\n\t\t\t\t\t\t<\/div>\n\t\t\t\t<\/div>\n\t\t\t\t\t<\/div>\n\t\t\t\t<\/div>\n\t\t\t\t<\/div>\n\t\t","protected":false},"excerpt":{"rendered":"<p>Les artistes clowns Form\u00e9s au travail sp\u00e9cifique de \u00abClowns en milieu de soin\u00bb, ces artistes professionnel.les participent \u00e0 la sant\u00e9 globale et au bien-\u00eatre de la personne. Les \u00e9quipes soignantes les reconnaissent comme de nouveaux acteurs dans le domaine du soin alternatif. Sp\u00e9cialis\u00e9s dans l\u2019art de l\u2019improvisation, ils utilisent dans leur jeu diff\u00e9rentes techniques : la musique, le chant, la po\u00e9sie, la danse, la marionnette, le th\u00e9\u00e2tre, la magie&#8230; Vivi Katherina Katia Strophe Raoul Bidule Kermesse<\/p>\n","protected":false},"author":7,"featured_media":0,"parent":0,"menu_order":0,"comment_status":"closed","ping_status":"closed","template":"","meta":{"site-sidebar-layout":"no-sidebar","site-content-layout":"","ast-site-content-layout":"full-width-container","site-content-style":"default","site-sidebar-style":"default","ast-global-header-display":"","ast-banner-title-visibility":"","ast-main-header-display":"","ast-hfb-above-header-display":"","ast-hfb-below-header-display":"","ast-hfb-mobile-header-display":"","site-post-title":"disabled","ast-breadcrumbs-content":"","ast-featured-img":"disabled","footer-sml-layout":"","theme-transparent-header-meta":"","adv-header-id-meta":"","stick-header-meta":"","header-above-stick-meta":"","header-main-stick-meta":"","header-below-stick-meta":"","astra-migrate-meta-layouts":"default","ast-page-background-enabled":"default","ast-page-background-meta":{"desktop":{"background-color":"var(--ast-global-color-4)","background-image":"","background-repeat":"repeat","background-position":"center center","background-size":"auto","background-attachment":"scroll","background-type":"","background-media":"","overlay-type":"","overlay-color":"","overlay-gradient":""},"tablet":{"background-color":"","background-image":"","background-repeat":"repeat","background-position":"center center","background-size":"auto","background-attachment":"scroll","background-type":"","background-media":"","overlay-type":"","overlay-color":"","overlay-gradient":""},"mobile":{"background-color":"","background-image":"","background-repeat":"repeat","background-position":"center center","background-size":"auto","background-attachment":"scroll","background-type":"","background-media":"","overlay-type":"","overlay-color":"","overlay-gradient":""}},"ast-content-background-meta":{"desktop":{"background-color":"var(--ast-global-color-5)","background-image":"","background-repeat":"repeat","background-position":"center center","background-size":"auto","background-attachment":"scroll","background-type":"","background-media":"","overlay-type":"","overlay-color":"","overlay-gradient":""},"tablet":{"background-color":"var(--ast-global-color-5)","background-image":"","background-repeat":"repeat","background-position":"center center","background-size":"auto","background-attachment":"scroll","background-type":"","background-media":"","overlay-type":"","overlay-color":"","overlay-gradient":""},"mobile":{"background-color":"var(--ast-global-color-5)","background-image":"","background-repeat":"repeat","background-position":"center center","background-size":"auto","background-attachment":"scroll","background-type":"","background-media":"","overlay-type":"","overlay-color":"","overlay-gradient":""}},"footnotes":""},"class_list":["post-5290","page","type-page","status-publish","hentry"],"_links":{"self":[{"href":"https:\/\/bisesdeclowns.org\/wordpress\/wp-json\/wp\/v2\/pages\/5290","targetHints":{"allow":["GET"]}}],"collection":[{"href":"https:\/\/bisesdeclowns.org\/wordpress\/wp-json\/wp\/v2\/pages"}],"about":[{"href":"https:\/\/bisesdeclowns.org\/wordpress\/wp-json\/wp\/v2\/types\/page"}],"author":[{"embeddable":true,"href":"https:\/\/bisesdeclowns.org\/wordpress\/wp-json\/wp\/v2\/users\/7"}],"replies":[{"embeddable":true,"href":"https:\/\/bisesdeclowns.org\/wordpress\/wp-json\/wp\/v2\/comments?post=5290"}],"version-history":[{"count":53,"href":"https:\/\/bisesdeclowns.org\/wordpress\/wp-json\/wp\/v2\/pages\/5290\/revisions"}],"predecessor-version":[{"id":7423,"href":"https:\/\/bisesdeclowns.org\/wordpress\/wp-json\/wp\/v2\/pages\/5290\/revisions\/7423"}],"wp:attachment":[{"href":"https:\/\/bisesdeclowns.org\/wordpress\/wp-json\/wp\/v2\/media?parent=5290"}],"curies":[{"name":"wp","href":"https:\/\/api.w.org\/{rel}","templated":true}]}}