{"id":5298,"date":"2024-10-22T23:45:33","date_gmt":"2024-10-22T23:45:33","guid":{"rendered":"https:\/\/www.bisesdeclowns.org\/?page_id=5298"},"modified":"2025-11-10T20:54:44","modified_gmt":"2025-11-10T20:54:44","slug":"lequipe","status":"publish","type":"page","link":"https:\/\/bisesdeclowns.org\/wordpress\/lequipe\/","title":{"rendered":"L\u2019\u00e9quipe"},"content":{"rendered":"\t\t<div data-elementor-type=\"wp-page\" data-elementor-id=\"5298\" class=\"elementor elementor-5298\">\n\t\t\t\t<div class=\"elementor-element elementor-element-7f8c014 e-con-full e-flex wpr-particle-no wpr-jarallax-no wpr-parallax-no wpr-sticky-section-no e-con e-parent\" data-id=\"7f8c014\" data-element_type=\"container\">\n\t\t\t\t<\/div>\n\t\t<div class=\"elementor-element elementor-element-c0dfb49 e-flex e-con-boxed wpr-particle-no wpr-jarallax-no wpr-parallax-no wpr-sticky-section-no e-con e-parent\" data-id=\"c0dfb49\" data-element_type=\"container\">\n\t\t\t\t\t<div class=\"e-con-inner\">\n\t\t\t\t<div class=\"elementor-element elementor-element-70e820d elementor-widget elementor-widget-heading\" data-id=\"70e820d\" data-element_type=\"widget\" data-widget_type=\"heading.default\">\n\t\t\t\t<div class=\"elementor-widget-container\">\n\t\t\t\t\t<h2 class=\"elementor-heading-title elementor-size-default\">L\u2019\u00e9quipe\n<\/h2>\t\t\t\t<\/div>\n\t\t\t\t<\/div>\n\t\t\t\t\t<\/div>\n\t\t\t\t<\/div>\n\t\t<div class=\"elementor-element elementor-element-8ffa7cc e-flex e-con-boxed wpr-particle-no wpr-jarallax-no wpr-parallax-no wpr-sticky-section-no e-con e-parent\" data-id=\"8ffa7cc\" data-element_type=\"container\">\n\t\t\t\t\t<div class=\"e-con-inner\">\n\t\t\t\t<div class=\"elementor-element elementor-element-710e0fd elementor-widget elementor-widget-text-editor\" data-id=\"710e0fd\" data-element_type=\"widget\" data-widget_type=\"text-editor.default\">\n\t\t\t\t<div class=\"elementor-widget-container\">\n\t\t\t\t\t\t\t\t\t<div><h2 style=\"font-family: var( --e-global-typography-secondary-font-family ), Sans-serif; font-style: normal; font-weight: var( --e-global-typography-secondary-font-weight ); margin-bottom: 0px;\" data-elementor-setting-key=\"title\" data-pen-placeholder=\"\u00c9crivez ici...\">Le conseil d\u2019administration<\/h2><\/div><ul><li style=\"margin-left: 30px;\"><span style=\"background-color: var(--ast-global-color-5); font-style: inherit; font-weight: inherit; text-align: var(--text-align);\">Pr\u00e9sidente:\u00a0<\/span>\u00a0Catherine Richard<\/li><li style=\"margin-left: 30px;\">Tr\u00e9sorier : Jean-Claude Mosse<\/li><\/ul><div><h2 style=\"font-family: var( --e-global-typography-secondary-font-family ), Sans-serif; font-style: normal; font-weight: var( --e-global-typography-secondary-font-weight ); margin-bottom: 0px;\" data-elementor-setting-key=\"title\" data-pen-placeholder=\"\u00c9crivez ici...\">La direction artistique<\/h2><\/div><div><ul style=\"font-size: 16px; font-style: normal; font-weight: 400;\"><li style=\"font-size: 16px; margin-left: 30px;\">Eve Barge<\/li><li style=\"font-size: 16px; margin-left: 30px;\">Estelle Sorribas<\/li><li style=\"font-size: 16px; margin-left: 30px;\">Kati Haschert<\/li><li style=\"font-size: 16px; margin-left: 30px;\">J\u00e9r\u00f4me Lebourg<\/li><li style=\"font-size: 16px; margin-left: 30px;\">Gilles Bouvet<\/li><\/ul><div><h2 style=\"font-family: var( --e-global-typography-secondary-font-family ), Sans-serif; font-style: normal; font-weight: var( --e-global-typography-secondary-font-weight ); margin-bottom: 0px;\" data-elementor-setting-key=\"title\" data-pen-placeholder=\"\u00c9crivez ici...\">Production et D\u00e9veloppement<\/h2><div><ul style=\"font-size: 16px; font-style: normal; font-weight: 400;\"><li style=\"font-size: 16px; margin-left: 30px;\">Nicolas Vantalon<\/li><\/ul><\/div><\/div><\/div>\t\t\t\t\t\t\t\t<\/div>\n\t\t\t\t<\/div>\n\t\t\t\t\t<\/div>\n\t\t\t\t<\/div>\n\t\t\t\t<\/div>\n\t\t","protected":false},"excerpt":{"rendered":"<p>L\u2019\u00e9quipe Le conseil d\u2019administration Pr\u00e9sidente:\u00a0\u00a0Catherine Richard Tr\u00e9sorier : Jean-Claude Mosse La direction artistique Eve Barge Estelle Sorribas Kati Haschert J\u00e9r\u00f4me Lebourg Gilles Bouvet Production et D\u00e9veloppement Nicolas Vantalon<\/p>\n","protected":false},"author":7,"featured_media":0,"parent":0,"menu_order":0,"comment_status":"closed","ping_status":"closed","template":"","meta":{"site-sidebar-layout":"no-sidebar","site-content-layout":"","ast-site-content-layout":"full-width-container","site-content-style":"default","site-sidebar-style":"default","ast-global-header-display":"","ast-banner-title-visibility":"","ast-main-header-display":"","ast-hfb-above-header-display":"","ast-hfb-below-header-display":"","ast-hfb-mobile-header-display":"","site-post-title":"disabled","ast-breadcrumbs-content":"","ast-featured-img":"disabled","footer-sml-layout":"","theme-transparent-header-meta":"","adv-header-id-meta":"","stick-header-meta":"","header-above-stick-meta":"","header-main-stick-meta":"","header-below-stick-meta":"","astra-migrate-meta-layouts":"default","ast-page-background-enabled":"default","ast-page-background-meta":{"desktop":{"background-color":"var(--ast-global-color-4)","background-image":"","background-repeat":"repeat","background-position":"center center","background-size":"auto","background-attachment":"scroll","background-type":"","background-media":"","overlay-type":"","overlay-color":"","overlay-gradient":""},"tablet":{"background-color":"","background-image":"","background-repeat":"repeat","background-position":"center center","background-size":"auto","background-attachment":"scroll","background-type":"","background-media":"","overlay-type":"","overlay-color":"","overlay-gradient":""},"mobile":{"background-color":"","background-image":"","background-repeat":"repeat","background-position":"center center","background-size":"auto","background-attachment":"scroll","background-type":"","background-media":"","overlay-type":"","overlay-color":"","overlay-gradient":""}},"ast-content-background-meta":{"desktop":{"background-color":"var(--ast-global-color-5)","background-image":"","background-repeat":"repeat","background-position":"center center","background-size":"auto","background-attachment":"scroll","background-type":"","background-media":"","overlay-type":"","overlay-color":"","overlay-gradient":""},"tablet":{"background-color":"var(--ast-global-color-5)","background-image":"","background-repeat":"repeat","background-position":"center center","background-size":"auto","background-attachment":"scroll","background-type":"","background-media":"","overlay-type":"","overlay-color":"","overlay-gradient":""},"mobile":{"background-color":"var(--ast-global-color-5)","background-image":"","background-repeat":"repeat","background-position":"center center","background-size":"auto","background-attachment":"scroll","background-type":"","background-media":"","overlay-type":"","overlay-color":"","overlay-gradient":""}},"footnotes":""},"class_list":["post-5298","page","type-page","status-publish","hentry"],"_links":{"self":[{"href":"https:\/\/bisesdeclowns.org\/wordpress\/wp-json\/wp\/v2\/pages\/5298","targetHints":{"allow":["GET"]}}],"collection":[{"href":"https:\/\/bisesdeclowns.org\/wordpress\/wp-json\/wp\/v2\/pages"}],"about":[{"href":"https:\/\/bisesdeclowns.org\/wordpress\/wp-json\/wp\/v2\/types\/page"}],"author":[{"embeddable":true,"href":"https:\/\/bisesdeclowns.org\/wordpress\/wp-json\/wp\/v2\/users\/7"}],"replies":[{"embeddable":true,"href":"https:\/\/bisesdeclowns.org\/wordpress\/wp-json\/wp\/v2\/comments?post=5298"}],"version-history":[{"count":30,"href":"https:\/\/bisesdeclowns.org\/wordpress\/wp-json\/wp\/v2\/pages\/5298\/revisions"}],"predecessor-version":[{"id":7457,"href":"https:\/\/bisesdeclowns.org\/wordpress\/wp-json\/wp\/v2\/pages\/5298\/revisions\/7457"}],"wp:attachment":[{"href":"https:\/\/bisesdeclowns.org\/wordpress\/wp-json\/wp\/v2\/media?parent=5298"}],"curies":[{"name":"wp","href":"https:\/\/api.w.org\/{rel}","templated":true}]}}