{"id":5336,"date":"2024-10-23T01:26:38","date_gmt":"2024-10-23T01:26:38","guid":{"rendered":"https:\/\/www.bisesdeclowns.org\/?page_id=5336"},"modified":"2024-10-28T06:36:40","modified_gmt":"2024-10-28T06:36:40","slug":"pour-qui","status":"publish","type":"page","link":"https:\/\/bisesdeclowns.org\/wordpress\/pour-qui\/","title":{"rendered":"Pour qui ?"},"content":{"rendered":"\t\t<div data-elementor-type=\"wp-page\" data-elementor-id=\"5336\" class=\"elementor elementor-5336\">\n\t\t\t\t<div class=\"elementor-element elementor-element-7f8c014 e-con-full e-flex wpr-particle-no wpr-jarallax-no wpr-parallax-no wpr-sticky-section-no e-con e-parent\" data-id=\"7f8c014\" data-element_type=\"container\">\n\t\t\t\t<\/div>\n\t\t<div class=\"elementor-element elementor-element-454b043 e-con-full e-flex wpr-particle-no wpr-jarallax-no wpr-parallax-no wpr-sticky-section-no e-con e-parent\" data-id=\"454b043\" data-element_type=\"container\" data-settings=\"{&quot;background_background&quot;:&quot;classic&quot;}\">\n\t\t\t\t<div class=\"elementor-element elementor-element-9b00103 elementor-widget-mobile__width-initial elementor-widget elementor-widget-heading\" data-id=\"9b00103\" data-element_type=\"widget\" data-widget_type=\"heading.default\">\n\t\t\t\t<div class=\"elementor-widget-container\">\n\t\t\t\t\t<h3 class=\"elementor-heading-title elementor-size-default\">Les interventions <\/h3>\t\t\t\t<\/div>\n\t\t\t\t<\/div>\n\t\t\t\t<\/div>\n\t\t<div class=\"elementor-element elementor-element-c0dfb49 e-flex e-con-boxed wpr-particle-no wpr-jarallax-no wpr-parallax-no wpr-sticky-section-no e-con e-parent\" data-id=\"c0dfb49\" data-element_type=\"container\">\n\t\t\t\t\t<div class=\"e-con-inner\">\n\t\t\t\t<div class=\"elementor-element elementor-element-7dcf14a elementor-widget elementor-widget-heading\" data-id=\"7dcf14a\" data-element_type=\"widget\" data-widget_type=\"heading.default\">\n\t\t\t\t<div class=\"elementor-widget-container\">\n\t\t\t\t\t<h2 class=\"elementor-heading-title elementor-size-default\">Pour qui ? \n\n<\/h2>\t\t\t\t<\/div>\n\t\t\t\t<\/div>\n\t\t\t\t\t<\/div>\n\t\t\t\t<\/div>\n\t\t<div class=\"elementor-element elementor-element-e71cc30 e-grid e-con-boxed wpr-particle-no wpr-jarallax-no wpr-parallax-no wpr-sticky-section-no e-con e-parent\" data-id=\"e71cc30\" data-element_type=\"container\">\n\t\t\t\t\t<div class=\"e-con-inner\">\n\t\t\t\t<div class=\"elementor-element elementor-element-6002b43 elementor-widget elementor-widget-image\" data-id=\"6002b43\" data-element_type=\"widget\" data-widget_type=\"image.default\">\n\t\t\t\t<div class=\"elementor-widget-container\">\n\t\t\t\t\t\t\t\t\t\t\t\t\t\t\t<img fetchpriority=\"high\" decoding=\"async\" width=\"768\" height=\"494\" src=\"https:\/\/bisesdeclowns.org\/wordpress\/wp-content\/uploads\/2024\/02\/1-768x494.jpg\" class=\"attachment-medium_large size-medium_large wp-image-4261\" alt=\"\" srcset=\"https:\/\/bisesdeclowns.org\/wordpress\/wp-content\/uploads\/2024\/02\/1-768x494.jpg 768w, https:\/\/bisesdeclowns.org\/wordpress\/wp-content\/uploads\/2024\/02\/1-300x193.jpg 300w, https:\/\/bisesdeclowns.org\/wordpress\/wp-content\/uploads\/2024\/02\/1-1024x658.jpg 1024w, https:\/\/bisesdeclowns.org\/wordpress\/wp-content\/uploads\/2024\/02\/1-600x386.jpg 600w, https:\/\/bisesdeclowns.org\/wordpress\/wp-content\/uploads\/2024\/02\/1-1536x987.jpg 1536w, https:\/\/bisesdeclowns.org\/wordpress\/wp-content\/uploads\/2024\/02\/1-2048x1316.jpg 2048w\" sizes=\"(max-width: 768px) 100vw, 768px\" \/>\t\t\t\t\t\t\t\t\t\t\t\t\t\t\t<\/div>\n\t\t\t\t<\/div>\n\t\t\t\t<div class=\"elementor-element elementor-element-0dbbf4b elementor-widget elementor-widget-text-editor\" data-id=\"0dbbf4b\" data-element_type=\"widget\" data-widget_type=\"text-editor.default\">\n\t\t\t\t<div class=\"elementor-widget-container\">\n\t\t\t\t\t\t\t\t\t<h2>Pour les enfants et adolescents<\/h2><div>\u00a0<\/div><ul><li>Deux interventions mensuelles en <b>p\u00e9diatrie, chirurgie et aux urgences<\/b> de l&rsquo;h\u00f4pital Sainte Musse Toulon<\/li><\/ul><div>\u00a0<\/div><ul><li>Deux interventions mensuelles <b>aupr\u00e8s des groupes d\u2019enfants<\/b> \u00e0 l\u2019IME Bel\u2019Estello<\/li><\/ul>\t\t\t\t\t\t\t\t<\/div>\n\t\t\t\t<\/div>\n\t\t\t\t<div class=\"elementor-element elementor-element-a9f8998 elementor-widget elementor-widget-image\" data-id=\"a9f8998\" data-element_type=\"widget\" data-widget_type=\"image.default\">\n\t\t\t\t<div class=\"elementor-widget-container\">\n\t\t\t\t\t\t\t\t\t\t\t\t\t\t\t<img decoding=\"async\" width=\"768\" height=\"554\" src=\"https:\/\/bisesdeclowns.org\/wordpress\/wp-content\/uploads\/2024\/03\/DSCF4528-1-scaled-e1729670576714-768x554.jpg\" class=\"attachment-medium_large size-medium_large wp-image-4612\" alt=\"\" srcset=\"https:\/\/bisesdeclowns.org\/wordpress\/wp-content\/uploads\/2024\/03\/DSCF4528-1-scaled-e1729670576714-768x554.jpg 768w, https:\/\/bisesdeclowns.org\/wordpress\/wp-content\/uploads\/2024\/03\/DSCF4528-1-scaled-e1729670576714-300x216.jpg 300w, https:\/\/bisesdeclowns.org\/wordpress\/wp-content\/uploads\/2024\/03\/DSCF4528-1-scaled-e1729670576714-1024x739.jpg 1024w, https:\/\/bisesdeclowns.org\/wordpress\/wp-content\/uploads\/2024\/03\/DSCF4528-1-scaled-e1729670576714-600x433.jpg 600w, https:\/\/bisesdeclowns.org\/wordpress\/wp-content\/uploads\/2024\/03\/DSCF4528-1-scaled-e1729670576714-1536x1108.jpg 1536w, https:\/\/bisesdeclowns.org\/wordpress\/wp-content\/uploads\/2024\/03\/DSCF4528-1-scaled-e1729670576714-2048x1478.jpg 2048w\" sizes=\"(max-width: 768px) 100vw, 768px\" \/>\t\t\t\t\t\t\t\t\t\t\t\t\t\t\t<\/div>\n\t\t\t\t<\/div>\n\t\t\t\t<div class=\"elementor-element elementor-element-a1f9977 elementor-widget elementor-widget-text-editor\" data-id=\"a1f9977\" data-element_type=\"widget\" data-widget_type=\"text-editor.default\">\n\t\t\t\t<div class=\"elementor-widget-container\">\n\t\t\t\t\t\t\t\t\t<h2>Pour les personnes \u00e2g\u00e9es<\/h2>\n<h2>&nbsp;&nbsp;<\/h2>\n<ul>\n<li>Deux interventions mensuelles \u00e0 l\u2019<b>EHPAD \u00ab\u00a0La Rose de No\u00ebl\u00a0\u00bb<\/b> \u00e0 Six Four les plages et \u00e0 l\u2019<b>EHPAD \u00ab\u00a0Saint Honorat\u00a0\u00bb, <\/b>La Seyne sur mer<\/li>\n<\/ul>\t\t\t\t\t\t\t\t<\/div>\n\t\t\t\t<\/div>\n\t\t\t\t\t<\/div>\n\t\t\t\t<\/div>\n\t\t\t\t<\/div>\n\t\t","protected":false},"excerpt":{"rendered":"<p>Les interventions Pour qui ? Pour les enfants et adolescents \u00a0 Deux interventions mensuelles en p\u00e9diatrie, chirurgie et aux urgences de l&rsquo;h\u00f4pital Sainte Musse Toulon \u00a0 Deux interventions mensuelles aupr\u00e8s des groupes d\u2019enfants \u00e0 l\u2019IME Bel\u2019Estello Pour les personnes \u00e2g\u00e9es &nbsp;&nbsp; Deux interventions mensuelles \u00e0 l\u2019EHPAD \u00ab\u00a0La Rose de No\u00ebl\u00a0\u00bb \u00e0 Six Four les plages et \u00e0 l\u2019EHPAD \u00ab\u00a0Saint Honorat\u00a0\u00bb, La Seyne sur mer<\/p>\n","protected":false},"author":7,"featured_media":0,"parent":0,"menu_order":0,"comment_status":"closed","ping_status":"closed","template":"","meta":{"site-sidebar-layout":"no-sidebar","site-content-layout":"","ast-site-content-layout":"full-width-container","site-content-style":"default","site-sidebar-style":"default","ast-global-header-display":"","ast-banner-title-visibility":"","ast-main-header-display":"","ast-hfb-above-header-display":"","ast-hfb-below-header-display":"","ast-hfb-mobile-header-display":"","site-post-title":"disabled","ast-breadcrumbs-content":"","ast-featured-img":"disabled","footer-sml-layout":"","theme-transparent-header-meta":"","adv-header-id-meta":"","stick-header-meta":"","header-above-stick-meta":"","header-main-stick-meta":"","header-below-stick-meta":"","astra-migrate-meta-layouts":"default","ast-page-background-enabled":"default","ast-page-background-meta":{"desktop":{"background-color":"var(--ast-global-color-4)","background-image":"","background-repeat":"repeat","background-position":"center center","background-size":"auto","background-attachment":"scroll","background-type":"","background-media":"","overlay-type":"","overlay-color":"","overlay-gradient":""},"tablet":{"background-color":"","background-image":"","background-repeat":"repeat","background-position":"center center","background-size":"auto","background-attachment":"scroll","background-type":"","background-media":"","overlay-type":"","overlay-color":"","overlay-gradient":""},"mobile":{"background-color":"","background-image":"","background-repeat":"repeat","background-position":"center center","background-size":"auto","background-attachment":"scroll","background-type":"","background-media":"","overlay-type":"","overlay-color":"","overlay-gradient":""}},"ast-content-background-meta":{"desktop":{"background-color":"var(--ast-global-color-5)","background-image":"","background-repeat":"repeat","background-position":"center center","background-size":"auto","background-attachment":"scroll","background-type":"","background-media":"","overlay-type":"","overlay-color":"","overlay-gradient":""},"tablet":{"background-color":"var(--ast-global-color-5)","background-image":"","background-repeat":"repeat","background-position":"center center","background-size":"auto","background-attachment":"scroll","background-type":"","background-media":"","overlay-type":"","overlay-color":"","overlay-gradient":""},"mobile":{"background-color":"var(--ast-global-color-5)","background-image":"","background-repeat":"repeat","background-position":"center center","background-size":"auto","background-attachment":"scroll","background-type":"","background-media":"","overlay-type":"","overlay-color":"","overlay-gradient":""}},"footnotes":""},"class_list":["post-5336","page","type-page","status-publish","hentry"],"_links":{"self":[{"href":"https:\/\/bisesdeclowns.org\/wordpress\/wp-json\/wp\/v2\/pages\/5336","targetHints":{"allow":["GET"]}}],"collection":[{"href":"https:\/\/bisesdeclowns.org\/wordpress\/wp-json\/wp\/v2\/pages"}],"about":[{"href":"https:\/\/bisesdeclowns.org\/wordpress\/wp-json\/wp\/v2\/types\/page"}],"author":[{"embeddable":true,"href":"https:\/\/bisesdeclowns.org\/wordpress\/wp-json\/wp\/v2\/users\/7"}],"replies":[{"embeddable":true,"href":"https:\/\/bisesdeclowns.org\/wordpress\/wp-json\/wp\/v2\/comments?post=5336"}],"version-history":[{"count":54,"href":"https:\/\/bisesdeclowns.org\/wordpress\/wp-json\/wp\/v2\/pages\/5336\/revisions"}],"predecessor-version":[{"id":5885,"href":"https:\/\/bisesdeclowns.org\/wordpress\/wp-json\/wp\/v2\/pages\/5336\/revisions\/5885"}],"wp:attachment":[{"href":"https:\/\/bisesdeclowns.org\/wordpress\/wp-json\/wp\/v2\/media?parent=5336"}],"curies":[{"name":"wp","href":"https:\/\/api.w.org\/{rel}","templated":true}]}}